{"id":85,"date":"2022-06-14T11:21:34","date_gmt":"2022-06-14T11:21:34","guid":{"rendered":"https:\/\/wandertour2023.gamingnard.com\/?page_id=85"},"modified":"2022-07-19T09:41:04","modified_gmt":"2022-07-19T09:41:04","slug":"kommerzielle-sponsoren","status":"publish","type":"page","link":"https:\/\/wandertour2023.gamingnard.com\/index.php\/kommerzielle-sponsoren\/","title":{"rendered":"Kommerzielle Sponsoren"},"content":{"rendered":"\n<a href=\"https:\/\/a.check24.net\/misc\/click.php?pid=78357&amp;aid=321&amp;deep=stromanbieter-wechseln&amp;cat=1\" target=\"_blank\" rel=\"noopener\"><img decoding=\"async\" src=\"https:\/\/a.check24.net\/misc\/view.php?pid=78357&amp;aid=321&amp;cat=1\"><\/a>\n\n\n\n<p><strong>Danke an erster Stelle an jeden Sponsor der mich hier mit einem Banner finanziell unterst\u00fctzt. Alles weitere in folgendem Text!<\/strong><\/p>\n\n\n\n<p>Diese ganze Tour kostet Unmengen an Geld, alleine schon jetzt die Vorbereitung seit Mai 2022 frisst Geld wie Bolle. H\u00e4tte ich nie gedacht ich wollte doch einfach nur wandern und wie auf der Startseite steht mit mir ins Reine kommen. Doch mein Lebensziel ist auch noch in eine echt beschissenen Zeit gefallen und wird teurer als erwartet. <\/p>\n\n\n\n<p>Viele private Leute haben mir jetzt schon mit Worten, materiellen Dingen, Geldspenden und vielen anderen Dingen geholfen und echt schon einige Schritte leichter gemacht. Im Stream gestern kam dann das Gespr\u00e4ch nimm doch auch kommerzielle Sponsoren auf. Und das ist nun mein Masterplan f\u00fcr diese Sponsorensache. <\/p>\n\n\n\n<a href=\"https:\/\/h.smartmobil.de?promotion_partner_id=20873&amp;promotion_product_id=7289\" title=\"Standardbanner\" target=\"_blank\" rel=\"noopener\"><img loading=\"lazy\" decoding=\"async\" src=\"https:\/\/h.smartmobil.de\/banner.gif?promotion_partner_id=20873&amp;promotion_product_id=7289\" width=\"728\" height=\"90\" border=\"0\" alt=\"Standardbanner\"><\/a>\n\n\n\n<p>Jeder Sponsor der mindestens 2 \u00dcbernachtungen mit Fr\u00fchst\u00fcck sponsert, bekommt einen eigenen Wunschtext in meinen News auf allen Sozialen Medien wo ich poste (mit Bild des Sponsors) (mindestens Facebook und Instagram), einen Beitrag mit Bild und Wunschtext hier in den News, und hier auf dieser Seite einen Wunschbeitrag \/ Bild der so lange bestehen bleibt wie die Subdomain besteht. Da ich GamingNard.com immer brauchen werde, also zumindest so lange ich lebe. Die Beitr\u00e4ge die als erstes genannt wurden werden auch nicht gel\u00f6scht. Wer etwas mehr spenden m\u00f6chte damit ich zumindest aus finanziellen Gr\u00fcnden nicht chanceln muss, ich habe noch Werbepl\u00e4tze auf dem Rucksack, bis dieser voll ist kann man hier \u00fcber eine individuelle Spende und nat\u00fcrlich inklusive der Links oben auch da dr\u00fcber reden. <\/p>\n\n\n\n<p>Zu der \u00dcbernachtung und Fr\u00fchst\u00fcck, wir haben einen Durchschnitt Anhand der Unterk\u00fcnfte auf dem Weg von Booking genommen und haben beschlossen eine Nacht kostet 45\u20ac inkl. Steuern. Das hei\u00dft jeder kommerzielle Sponsor kann mit 90\u20ac hier eine Lifetime Werbung schalten. Das ist ein Schnapper und hilft mir sehr. Alleine jetzt hat die Webseite schon ca 100 reale Besucheraufrufe am Tag. Wir denken w\u00e4hrend des Livestreams unterwegs, hoffentlich auch bald schon beim Training werden das gewiss noch mehr. <\/p>\n\n\n\n<p>Fragen und Anregung, dann gerne bei mir melden. <\/p>\n\n\n\n<a href=\"https:\/\/h.sim.de?promotion_partner_id=20873&amp;promotion_product_id=3651\" title=\"neutrale Banner\" target=\"_blank\" rel=\"noopener\"><img loading=\"lazy\" decoding=\"async\" src=\"https:\/\/h.sim.de\/banner.gif?promotion_partner_id=20873&amp;promotion_product_id=3651\" width=\"728\" height=\"90\" border=\"0\" alt=\"neutrale Banner\"><\/a>\n\n\n\n<a href=\"https:\/\/a.partner-versicherung.de\/click.php?partner_id=31246&amp;ad_id=488\" target=\"_blank\" rel=\"noopener\"><img decoding=\"async\" src=\"https:\/\/a.partner-versicherung.de\/view.php?partner_id=31246&amp;ad_id=488\"><\/a>\n\n\n\n<p><strong>Sponsoren reine Text Linkliste : <\/strong><\/p>\n\n\n\n<hr class=\"wp-block-separator has-alpha-channel-opacity\"\/>\n\n\n\n<a href=\"https:\/\/www.travialinks.de\/link\/A-21078-0\/A\/pr\" target=\"blank\" rel=\"noopener\">TBE-Reiseshop<\/a><br><br>\n\n\n\n<a href=\"https:\/\/www.sprachenlernen24.de\/?id=HE81704\" target=\"blank\" rel=\"noopener\">Fremdsprachen lernen 24<\/a><br><br>\n\n\n\n<a href=\"https:\/\/www.fashion-wohntrend.de\" target=\"blank\" rel=\"noopener\">Fashion WohnTrend Vinylb\u00f6den<\/a><br><br>\n\n\n\n<a href=\"https:\/\/www.designvinylboden.de\" target=\"blank\" rel=\"noopener\">DesignVinylBoden Onlineshop<\/a><br><br>\n\n\n\n<p>Alle Sponsoren werden ebenfalls auch einmalig auf den Sozialen Medien der Tour erw\u00e4hnt und je nach Vereinbarung auch mit einem Sticker auf meinem Rucksack oder \u00e4hnliches. (nach Vereinbarung) <\/p>\n","protected":false},"excerpt":{"rendered":"<p>Danke an erster Stelle an jeden Sponsor der mich hier mit einem Banner finanziell unterst\u00fctzt. Alles weitere in folgendem Text! Diese ganze Tour kostet Unmengen an Geld, alleine schon jetzt die Vorbereitung seit Mai 2022 frisst Geld wie Bolle. H\u00e4tte ich nie gedacht ich wollte doch einfach nur wandern und wie auf der Startseite steht &hellip; <a href=\"https:\/\/wandertour2023.gamingnard.com\/index.php\/kommerzielle-sponsoren\/\" class=\"more-link\"><span class=\"screen-reader-text\">\u201eKommerzielle Sponsoren\u201c<\/span> weiterlesen<\/a><\/p>\n","protected":false},"author":1,"featured_media":0,"parent":0,"menu_order":0,"comment_status":"closed","ping_status":"closed","template":"","meta":{"footnotes":""},"class_list":["post-85","page","type-page","status-publish","hentry"],"_links":{"self":[{"href":"https:\/\/wandertour2023.gamingnard.com\/index.php\/wp-json\/wp\/v2\/pages\/85"}],"collection":[{"href":"https:\/\/wandertour2023.gamingnard.com\/index.php\/wp-json\/wp\/v2\/pages"}],"about":[{"href":"https:\/\/wandertour2023.gamingnard.com\/index.php\/wp-json\/wp\/v2\/types\/page"}],"author":[{"embeddable":true,"href":"https:\/\/wandertour2023.gamingnard.com\/index.php\/wp-json\/wp\/v2\/users\/1"}],"replies":[{"embeddable":true,"href":"https:\/\/wandertour2023.gamingnard.com\/index.php\/wp-json\/wp\/v2\/comments?post=85"}],"version-history":[{"count":11,"href":"https:\/\/wandertour2023.gamingnard.com\/index.php\/wp-json\/wp\/v2\/pages\/85\/revisions"}],"predecessor-version":[{"id":117,"href":"https:\/\/wandertour2023.gamingnard.com\/index.php\/wp-json\/wp\/v2\/pages\/85\/revisions\/117"}],"wp:attachment":[{"href":"https:\/\/wandertour2023.gamingnard.com\/index.php\/wp-json\/wp\/v2\/media?parent=85"}],"curies":[{"name":"wp","href":"https:\/\/api.w.org\/{rel}","templated":true}]}}